{"id":2113,"date":"2025-08-29T12:20:16","date_gmt":"2025-08-29T12:20:16","guid":{"rendered":"https:\/\/index.local.spacework.com.mx\/?post_type=product&#038;p=2113"},"modified":"2025-12-02T16:33:56","modified_gmt":"2025-12-02T16:33:56","slug":"vidrio-block-sponge-19-x-19-x-8-cm-index","status":"publish","type":"product","link":"https:\/\/www2.indexinternacional.com\/en\/product\/vidrio-block-sponge-19-x-19-x-8-cm-index\/","title":{"rendered":"VIDRIO BLOCK SPONGE 19 x 19 x 8 CM"},"content":{"rendered":"<p>Vidrio block sponge Index Internacional permite el paso de la luz a trav\u00e9s de muros, paredes, techos y losas en los interiores y exteriores del hogar. Est\u00e1 elaborado en vidrio trasl\u00facido que posibilita el libre paso de la luz, por lo que ayuda en el ahorro de energ\u00eda. Tambi\u00e9n es resistente a cambios de temperatura, impacto, as\u00ed como buen aislante t\u00e9rmico y ac\u00fastico. Su dise\u00f1o de forma cuadrada con detalles transparentes elegante, lo hace atractivo para cualquier proyecto. Sus dimensiones son 19 x 19 x 8 cm.<\/p>\n<p><img fetchpriority=\"high\" decoding=\"async\" class=\"aligncenter wp-image-3061 size-large\" src=\"https:\/\/index.local.spacework.com.mx\/wp-content\/uploads\/2025\/08\/IMG_1143-819x1024.jpeg\" alt=\"\" width=\"819\" height=\"1024\" srcset=\"https:\/\/www2.indexinternacional.com\/wp-content\/uploads\/2025\/08\/IMG_1143-819x1024.jpeg 819w, https:\/\/www2.indexinternacional.com\/wp-content\/uploads\/2025\/08\/IMG_1143-240x300.jpeg 240w, https:\/\/www2.indexinternacional.com\/wp-content\/uploads\/2025\/08\/IMG_1143-768x960.jpeg 768w, https:\/\/www2.indexinternacional.com\/wp-content\/uploads\/2025\/08\/IMG_1143-10x12.jpeg 10w, https:\/\/www2.indexinternacional.com\/wp-content\/uploads\/2025\/08\/IMG_1143.jpeg 1200w\" sizes=\"(max-width: 819px) 100vw, 819px\" \/><\/p>","protected":false},"excerpt":{"rendered":"<div class=\"MuiBox-root jss287 sc-hLBbgP dehUxx sc-kxtuKG bGMrKQ\">\n<p class=\"MuiTypography-root sc-eDvSVe kBIVDt sc-gFmLcz fRHTBS MuiTypography-body1\">Vidrio block sponge Index Internacional permite la transmisi\u00f3n de luz en muros, paredes o losas tanto en interiores o exteriores del hogar. Est\u00e1 elaborado en vidrio trasl\u00facido transparente que lo hace atractivo y mide 19 x 19 x 8 cm.<\/p>\n<\/div>","protected":false},"featured_media":1548,"template":"","meta":{"_bst_post_transparent":"default","_bst_post_title":"","_bst_post_layout":"default","_bst_post_sidebar_id":"","_bst_post_content_style":"default","_bst_post_vertical_padding":"default","_bst_post_feature":"","_bst_post_feature_position":"","_bst_post_header":false,"_bst_post_footer":false},"product_brand":[131],"product_cat":[274],"product_tag":[132],"product_brands":[],"class_list":{"0":"post-2113","1":"product","2":"type-product","3":"status-publish","4":"has-post-thumbnail","6":"product_brand-marca-seves","7":"product_cat-vidrio-block-neutro","8":"product_tag-marca-seves","9":"pa_color_-transparente","11":"first","12":"instock","13":"shipping-taxable","14":"product-type-simple","15":"entry","16":"content-bg","17":"loop-entry"},"_links":{"self":[{"href":"https:\/\/www2.indexinternacional.com\/en\/wp-json\/wp\/v2\/product\/2113","targetHints":{"allow":["GET"]}}],"collection":[{"href":"https:\/\/www2.indexinternacional.com\/en\/wp-json\/wp\/v2\/product"}],"about":[{"href":"https:\/\/www2.indexinternacional.com\/en\/wp-json\/wp\/v2\/types\/product"}],"version-history":[{"count":9,"href":"https:\/\/www2.indexinternacional.com\/en\/wp-json\/wp\/v2\/product\/2113\/revisions"}],"predecessor-version":[{"id":3062,"href":"https:\/\/www2.indexinternacional.com\/en\/wp-json\/wp\/v2\/product\/2113\/revisions\/3062"}],"wp:featuredmedia":[{"embeddable":true,"href":"https:\/\/www2.indexinternacional.com\/en\/wp-json\/wp\/v2\/media\/1548"}],"wp:attachment":[{"href":"https:\/\/www2.indexinternacional.com\/en\/wp-json\/wp\/v2\/media?parent=2113"}],"wp:term":[{"taxonomy":"product_brand","embeddable":true,"href":"https:\/\/www2.indexinternacional.com\/en\/wp-json\/wp\/v2\/product_brand?post=2113"},{"taxonomy":"product_cat","embeddable":true,"href":"https:\/\/www2.indexinternacional.com\/en\/wp-json\/wp\/v2\/product_cat?post=2113"},{"taxonomy":"product_tag","embeddable":true,"href":"https:\/\/www2.indexinternacional.com\/en\/wp-json\/wp\/v2\/product_tag?post=2113"},{"taxonomy":"product_brands","embeddable":true,"href":"https:\/\/www2.indexinternacional.com\/en\/wp-json\/wp\/v2\/product_brands?post=2113"}],"curies":[{"name":"wp","href":"https:\/\/api.w.org\/{rel}","templated":true}]}}