{"id":2109,"date":"2025-08-29T12:20:12","date_gmt":"2025-08-29T12:20:12","guid":{"rendered":"https:\/\/index.local.spacework.com.mx\/?post_type=product&#038;p=2109"},"modified":"2025-12-02T16:42:01","modified_gmt":"2025-12-02T16:42:01","slug":"vidrio-block-amarillo-miel-30-x-30-x-10-cm-index","status":"publish","type":"product","link":"https:\/\/www2.indexinternacional.com\/en\/product\/vidrio-block-amarillo-miel-30-x-30-x-10-cm-index\/","title":{"rendered":"VIDRIO BLOCK AMARILLO MIEL 30 x 30 x 10 CM"},"content":{"rendered":"<div class=\"MuiBox-root jss226 sc-hLBbgP crFOJi\">\n<div class=\"MuiBox-root jss695 sc-hLBbgP crFOJi\">\n<p class=\"MuiTypography-root sc-eDvSVe kBIVDt descripcion-informacion MuiTypography-body1\">Vidrio block de color amarillo miel 30 x 30 x 10 cm index internacional permite la transmisi\u00f3n de luz natural y brinda una decoraci\u00f3n inigualable para sus ventanas, muros, losa y piso, tambi\u00e9n puede utilizarse como tragaluz de alta seguridad para cualquier tipo de proyecto. Vidrio block es excelente para el ahorro de energ\u00eda, aislamiento t\u00e9rmico y ac\u00fastico, es resistente a cambios de temperatura y extremadamente seguro por su resistencia a impactos. Para uso interior y exterior, de f\u00e1cil instalaci\u00f3n con silic\u00f3n (100% silic\u00f3n) o adhesivo (piso sobre piso) para \u00e1reas mayores a 2.5 m2 junto con sus accesorios (anclas, escalerillas y separadores).<\/p>\n<\/div>\n<p><img fetchpriority=\"high\" decoding=\"async\" class=\"aligncenter wp-image-3069 size-large\" src=\"https:\/\/index.local.spacework.com.mx\/wp-content\/uploads\/2025\/08\/132463-xd-2-819x1024.jpg\" alt=\"\" width=\"819\" height=\"1024\" srcset=\"https:\/\/www2.indexinternacional.com\/wp-content\/uploads\/2025\/08\/132463-xd-2-819x1024.jpg 819w, https:\/\/www2.indexinternacional.com\/wp-content\/uploads\/2025\/08\/132463-xd-2-240x300.jpg 240w, https:\/\/www2.indexinternacional.com\/wp-content\/uploads\/2025\/08\/132463-xd-2-768x960.jpg 768w, https:\/\/www2.indexinternacional.com\/wp-content\/uploads\/2025\/08\/132463-xd-2-10x12.jpg 10w, https:\/\/www2.indexinternacional.com\/wp-content\/uploads\/2025\/08\/132463-xd-2.jpg 1200w\" sizes=\"(max-width: 819px) 100vw, 819px\" \/><\/p>\n<\/div>","protected":false},"excerpt":{"rendered":"<div class=\"MuiBox-root jss285 sc-hLBbgP crFOJi sc-kxtuKG bGMrKQ\">\n<div class=\"MuiBox-root jss802 sc-hLBbgP crFOJi sc-kxtuKG bGMrKQ\">\n<p class=\"MuiTypography-root sc-eDvSVe kBIVDt sc-gFmLcz fRHTBS MuiTypography-body1\">Vidrio block de color amarillo miel 30 x 30 x 10 cm index internacional, su instalaci\u00f3n permite la entrada de luz natural a cualquier espacio interior o exterior.<\/p>\n<\/div>\n<\/div>","protected":false},"featured_media":1518,"template":"","meta":{"_bst_post_transparent":"default","_bst_post_title":"","_bst_post_layout":"default","_bst_post_sidebar_id":"","_bst_post_content_style":"default","_bst_post_vertical_padding":"default","_bst_post_feature":"","_bst_post_feature_position":"","_bst_post_header":false,"_bst_post_footer":false},"product_brand":[131],"product_cat":[275],"product_tag":[132],"product_brands":[],"class_list":{"0":"post-2109","1":"product","2":"type-product","3":"status-publish","4":"has-post-thumbnail","6":"product_brand-marca-seves","7":"product_cat-vidrio-block-color","8":"product_tag-marca-seves","9":"pa_color_-amarillo-miel","11":"first","12":"instock","13":"shipping-taxable","14":"product-type-simple","15":"entry","16":"content-bg","17":"loop-entry"},"_links":{"self":[{"href":"https:\/\/www2.indexinternacional.com\/en\/wp-json\/wp\/v2\/product\/2109","targetHints":{"allow":["GET"]}}],"collection":[{"href":"https:\/\/www2.indexinternacional.com\/en\/wp-json\/wp\/v2\/product"}],"about":[{"href":"https:\/\/www2.indexinternacional.com\/en\/wp-json\/wp\/v2\/types\/product"}],"version-history":[{"count":8,"href":"https:\/\/www2.indexinternacional.com\/en\/wp-json\/wp\/v2\/product\/2109\/revisions"}],"predecessor-version":[{"id":3070,"href":"https:\/\/www2.indexinternacional.com\/en\/wp-json\/wp\/v2\/product\/2109\/revisions\/3070"}],"wp:featuredmedia":[{"embeddable":true,"href":"https:\/\/www2.indexinternacional.com\/en\/wp-json\/wp\/v2\/media\/1518"}],"wp:attachment":[{"href":"https:\/\/www2.indexinternacional.com\/en\/wp-json\/wp\/v2\/media?parent=2109"}],"wp:term":[{"taxonomy":"product_brand","embeddable":true,"href":"https:\/\/www2.indexinternacional.com\/en\/wp-json\/wp\/v2\/product_brand?post=2109"},{"taxonomy":"product_cat","embeddable":true,"href":"https:\/\/www2.indexinternacional.com\/en\/wp-json\/wp\/v2\/product_cat?post=2109"},{"taxonomy":"product_tag","embeddable":true,"href":"https:\/\/www2.indexinternacional.com\/en\/wp-json\/wp\/v2\/product_tag?post=2109"},{"taxonomy":"product_brands","embeddable":true,"href":"https:\/\/www2.indexinternacional.com\/en\/wp-json\/wp\/v2\/product_brands?post=2109"}],"curies":[{"name":"wp","href":"https:\/\/api.w.org\/{rel}","templated":true}]}}