{"id":2090,"date":"2025-08-29T12:19:46","date_gmt":"2025-08-29T12:19:46","guid":{"rendered":"https:\/\/index.local.spacework.com.mx\/?post_type=product&#038;p=2090"},"modified":"2025-11-12T16:34:08","modified_gmt":"2025-11-12T16:34:08","slug":"perfil-de-escalon-antiderrapante-plata-mate-de-2-40-m","status":"publish","type":"product","link":"https:\/\/indexinternacional.com\/en\/product\/perfil-de-escalon-antiderrapante-plata-mate-de-2-40-m\/","title":{"rendered":"PERFIL DE ESCAL\u00d3N ANTIDERRAPANTE PLATA MATE DE 2.40 M"},"content":{"rendered":"<div class=\"MuiBox-root jss252 sc-hLBbgP grhUIe info-seccion-dos\">\n<div class=\"MuiBox-root jss253 sc-hLBbgP grhUIe\">\n<p class=\"MuiTypography-root sc-eDvSVe kBIVDt descripcion-informacion MuiTypography-body1\">Perfil de escal\u00f3n antiderrapante Index Internacional en aluminio plata mate de 240 cm (2.40 m). \u00datil para proteger, ocultar el filo y dar un mejor acabado a los bordes de escal\u00f3n. Fabricado con aluminio de alta calidad que lo hace resistente a golpes y ofrece seguridad al funcionar como antiderrapante. De f\u00e1cil instalaci\u00f3n, su medida le permite cortarlo a cualquier medida seg\u00fan la necesidad.<\/p>\n<p><img fetchpriority=\"high\" decoding=\"async\" class=\"aligncenter wp-image-3054 size-large\" src=\"https:\/\/index.local.spacework.com.mx\/wp-content\/uploads\/2025\/08\/141985-xd-1-847x1024.jpg\" alt=\"\" width=\"847\" height=\"1024\" srcset=\"https:\/\/indexinternacional.com\/wp-content\/uploads\/2025\/08\/141985-xd-1-847x1024.jpg 847w, https:\/\/indexinternacional.com\/wp-content\/uploads\/2025\/08\/141985-xd-1-248x300.jpg 248w, https:\/\/indexinternacional.com\/wp-content\/uploads\/2025\/08\/141985-xd-1-768x928.jpg 768w, https:\/\/indexinternacional.com\/wp-content\/uploads\/2025\/08\/141985-xd-1-10x12.jpg 10w, https:\/\/indexinternacional.com\/wp-content\/uploads\/2025\/08\/141985-xd-1.jpg 1200w\" sizes=\"(max-width: 847px) 100vw, 847px\" \/><\/p>\n<\/div>\n<\/div>","protected":false},"excerpt":{"rendered":"<div class=\"MuiBox-root jss267 sc-hLBbgP grhUIe sc-kxtuKG bGMrKQ\">\n<p class=\"MuiTypography-root sc-eDvSVe kBIVDt sc-gFmLcz fRHTBS MuiTypography-body1\">Perfil de escal\u00f3n antiderrapante Index Internacional en aluminio plata mate de 240 cm (2.40 m), \u00fatil para proteger y dar un mejor acabado a los bordes de escal\u00f3n. De material resistente, su medida le permite cortarlo a cualquier tama\u00f1o requerido.<\/p>\n<\/div>","protected":false},"featured_media":1877,"template":"","meta":{"_bst_post_transparent":"default","_bst_post_title":"","_bst_post_layout":"default","_bst_post_sidebar_id":"","_bst_post_content_style":"default","_bst_post_vertical_padding":"default","_bst_post_feature":"","_bst_post_feature_position":"","_bst_post_header":false,"_bst_post_footer":false},"product_brand":[131],"product_cat":[113],"product_tag":[132],"product_brands":[],"class_list":{"0":"post-2090","1":"product","2":"type-product","3":"status-publish","4":"has-post-thumbnail","6":"product_brand-marca-seves","7":"product_cat-perfil-escalon-aluminio","8":"product_tag-marca-seves","9":"pa_color_-plata","11":"first","12":"instock","13":"shipping-taxable","14":"product-type-simple","15":"entry","16":"content-bg","17":"loop-entry"},"_links":{"self":[{"href":"https:\/\/indexinternacional.com\/en\/wp-json\/wp\/v2\/product\/2090","targetHints":{"allow":["GET"]}}],"collection":[{"href":"https:\/\/indexinternacional.com\/en\/wp-json\/wp\/v2\/product"}],"about":[{"href":"https:\/\/indexinternacional.com\/en\/wp-json\/wp\/v2\/types\/product"}],"version-history":[{"count":4,"href":"https:\/\/indexinternacional.com\/en\/wp-json\/wp\/v2\/product\/2090\/revisions"}],"predecessor-version":[{"id":3055,"href":"https:\/\/indexinternacional.com\/en\/wp-json\/wp\/v2\/product\/2090\/revisions\/3055"}],"wp:featuredmedia":[{"embeddable":true,"href":"https:\/\/indexinternacional.com\/en\/wp-json\/wp\/v2\/media\/1877"}],"wp:attachment":[{"href":"https:\/\/indexinternacional.com\/en\/wp-json\/wp\/v2\/media?parent=2090"}],"wp:term":[{"taxonomy":"product_brand","embeddable":true,"href":"https:\/\/indexinternacional.com\/en\/wp-json\/wp\/v2\/product_brand?post=2090"},{"taxonomy":"product_cat","embeddable":true,"href":"https:\/\/indexinternacional.com\/en\/wp-json\/wp\/v2\/product_cat?post=2090"},{"taxonomy":"product_tag","embeddable":true,"href":"https:\/\/indexinternacional.com\/en\/wp-json\/wp\/v2\/product_tag?post=2090"},{"taxonomy":"product_brands","embeddable":true,"href":"https:\/\/indexinternacional.com\/en\/wp-json\/wp\/v2\/product_brands?post=2090"}],"curies":[{"name":"wp","href":"https:\/\/api.w.org\/{rel}","templated":true}]}}