{"id":2068,"date":"2025-08-29T12:19:15","date_gmt":"2025-08-29T12:19:15","guid":{"rendered":"https:\/\/index.local.spacework.com.mx\/?post_type=product&#038;p=2068"},"modified":"2025-11-12T16:29:14","modified_gmt":"2025-11-12T16:29:14","slug":"tiratrim-plastico-cafe-oscuro-2-44-m","status":"publish","type":"product","link":"https:\/\/indexinternacional.com\/en\/product\/tiratrim-plastico-cafe-oscuro-2-44-m\/","title":{"rendered":"TIRATRIM PL\u00c1STICO CAF\u00c9 OSCURO 2.44 M"},"content":{"rendered":"<div class=\"MuiBox-root jss294 sc-hLBbgP grBOiU info-seccion-dos\">\n<div class=\"MuiBox-root jss295 sc-hLBbgP grBOiU\">\n<p class=\"MuiTypography-root sc-eDvSVe kBIVDt descripcion-informacion MuiTypography-body1\">Tiratrim Index Internacional de pl\u00e1stico color caf\u00e9 oscuro de 244 cm de largo (2.44 m), apto para emplearse en remate de pisos cer\u00e1micos, dar mejores acabados a escalones, esquinas exteriores, barras de cocina, filo de columnas y muros. Puede segmentarse o cortarse f\u00e1cilmente dependiendo el \u00e1rea que se desea cubrir, cuenta con orificios para mejorar la adherencia del adhesivo proporcionando mayor durabilidad y resistencia. Evita desgaste en las esquinas de las losetas o piso cer\u00e1mico sin acabado, proporcionando mayor seguridad al eliminar peligrosos \u00e1ngulos de 90 grados.<\/p>\n<p><img fetchpriority=\"high\" decoding=\"async\" class=\"aligncenter wp-image-3050 size-large\" src=\"https:\/\/index.local.spacework.com.mx\/wp-content\/uploads\/2025\/08\/622983-xd-1-847x1024.jpg\" alt=\"\" width=\"847\" height=\"1024\" srcset=\"https:\/\/indexinternacional.com\/wp-content\/uploads\/2025\/08\/622983-xd-1-847x1024.jpg 847w, https:\/\/indexinternacional.com\/wp-content\/uploads\/2025\/08\/622983-xd-1-248x300.jpg 248w, https:\/\/indexinternacional.com\/wp-content\/uploads\/2025\/08\/622983-xd-1-768x928.jpg 768w, https:\/\/indexinternacional.com\/wp-content\/uploads\/2025\/08\/622983-xd-1-10x12.jpg 10w, https:\/\/indexinternacional.com\/wp-content\/uploads\/2025\/08\/622983-xd-1.jpg 1200w\" sizes=\"(max-width: 847px) 100vw, 847px\" \/><\/p>\n<\/div>\n<\/div>","protected":false},"excerpt":{"rendered":"<div class=\"MuiBox-root jss334 sc-hLBbgP grBOiU sc-kxtuKG bGMrKQ\">\n<p class=\"MuiTypography-root sc-eDvSVe kBIVDt sc-gFmLcz fRHTBS MuiTypography-body1\">Tiratrim Index Internacional de pl\u00e1stico color caf\u00e9 oscuro de 244 cm de largo (2.44 m), \u00fatil para emplearse en remate de pisos cer\u00e1micos, dar mejores acabados a escalones, esquinas exteriores, barras de cocina, filo de columnas y muros.<\/p>\n<\/div>","protected":false},"featured_media":1555,"template":"","meta":{"_bst_post_transparent":"default","_bst_post_title":"","_bst_post_layout":"default","_bst_post_sidebar_id":"","_bst_post_content_style":"default","_bst_post_vertical_padding":"default","_bst_post_feature":"","_bst_post_feature_position":"","_bst_post_header":false,"_bst_post_footer":false},"product_brand":[106],"product_cat":[110],"product_tag":[133],"product_brands":[],"class_list":{"0":"post-2068","1":"product","2":"type-product","3":"status-publish","4":"has-post-thumbnail","6":"product_brand-index-internacional","7":"product_cat-tiratrim-plastico","8":"product_tag-index-internacional","9":"pa_color_-cafe-oscuro","11":"first","12":"instock","13":"featured","14":"shipping-taxable","15":"product-type-simple","16":"entry","17":"content-bg","18":"loop-entry"},"_links":{"self":[{"href":"https:\/\/indexinternacional.com\/en\/wp-json\/wp\/v2\/product\/2068","targetHints":{"allow":["GET"]}}],"collection":[{"href":"https:\/\/indexinternacional.com\/en\/wp-json\/wp\/v2\/product"}],"about":[{"href":"https:\/\/indexinternacional.com\/en\/wp-json\/wp\/v2\/types\/product"}],"version-history":[{"count":3,"href":"https:\/\/indexinternacional.com\/en\/wp-json\/wp\/v2\/product\/2068\/revisions"}],"predecessor-version":[{"id":3051,"href":"https:\/\/indexinternacional.com\/en\/wp-json\/wp\/v2\/product\/2068\/revisions\/3051"}],"wp:featuredmedia":[{"embeddable":true,"href":"https:\/\/indexinternacional.com\/en\/wp-json\/wp\/v2\/media\/1555"}],"wp:attachment":[{"href":"https:\/\/indexinternacional.com\/en\/wp-json\/wp\/v2\/media?parent=2068"}],"wp:term":[{"taxonomy":"product_brand","embeddable":true,"href":"https:\/\/indexinternacional.com\/en\/wp-json\/wp\/v2\/product_brand?post=2068"},{"taxonomy":"product_cat","embeddable":true,"href":"https:\/\/indexinternacional.com\/en\/wp-json\/wp\/v2\/product_cat?post=2068"},{"taxonomy":"product_tag","embeddable":true,"href":"https:\/\/indexinternacional.com\/en\/wp-json\/wp\/v2\/product_tag?post=2068"},{"taxonomy":"product_brands","embeddable":true,"href":"https:\/\/indexinternacional.com\/en\/wp-json\/wp\/v2\/product_brands?post=2068"}],"curies":[{"name":"wp","href":"https:\/\/api.w.org\/{rel}","templated":true}]}}