{"id":2064,"date":"2025-08-29T12:19:08","date_gmt":"2025-08-29T12:19:08","guid":{"rendered":"https:\/\/index.local.spacework.com.mx\/?post_type=product&#038;p=2064"},"modified":"2025-10-28T22:05:26","modified_gmt":"2025-10-28T22:05:26","slug":"silicon-especializado-para-block-de-vidrio-blanco-305-ml","status":"publish","type":"product","link":"https:\/\/www2.indexinternacional.com\/en\/product\/silicon-especializado-para-block-de-vidrio-blanco-305-ml\/","title":{"rendered":"SPECIALIZED SILICONE FOR WHITE GLASS BLOCK 305 ML"},"content":{"rendered":"<div class=\"MuiBox-root jss223 sc-hLBbgP gEkxqw\">\n<div class=\"MuiBox-root jss224 sc-hLBbgP gEkxqw info-seccion\">\n<div class=\"MuiBox-root jss249 sc-hLBbgP gEkxqw\">\n<p class=\"MuiTypography-root sc-eDvSVe kBIVDt descripcion-informacion MuiTypography-body1\">Silic\u00f3n en tubo de pl\u00e1stico Silico, especializado para block de vidrio. Es de color cristalino y de secado uniforme. Contiene 305 ml. Es un sellador y adhesivo hecho de silic\u00f3n neutro de m\u00f3dulo bajo, creado para unir gran variedad de materiales de construcci\u00f3n como PVC, concreto, vidrio, aluminio, superficies pintadas, madera, madera contrachapada, estuco, porcelana, ventanas, envolturas, fibrocemento y otros materiales de uso com\u00fan. Ofrece estabilidad ante los rayos UV y una adhesi\u00f3n tenaz por largo tiempo. Este producto est\u00e1 espec\u00edficamente dise\u00f1ado para ofrecer un rendimiento en todo tipo de condiciones clim\u00e1ticas.<\/p>\n<\/div>\n<\/div>\n<\/div>","protected":false},"excerpt":{"rendered":"<div class=\"MuiBox-root jss284 sc-hLBbgP gEkxqw sc-kxtuKG bGMrKQ\">\n<p class=\"MuiTypography-root sc-eDvSVe kBIVDt sc-gFmLcz fRHTBS MuiTypography-body1\">Silic\u00f3n en tubo de pl\u00e1stico Silico, especializado para block de vidrio. Es de color cristalino y de secado uniforme. Contiene 305 ml.<\/p>\n<\/div>","protected":false},"featured_media":1354,"template":"","meta":{"_bst_post_transparent":"default","_bst_post_title":"","_bst_post_layout":"default","_bst_post_sidebar_id":"","_bst_post_content_style":"default","_bst_post_vertical_padding":"default","_bst_post_feature":"","_bst_post_feature_position":"","_bst_post_header":false,"_bst_post_footer":false},"product_brand":[131],"product_cat":[112],"product_tag":[132],"product_brands":[],"class_list":{"0":"post-2064","1":"product","2":"type-product","3":"status-publish","4":"has-post-thumbnail","6":"product_brand-marca-seves","7":"product_cat-silicon","8":"product_tag-marca-seves","9":"pa_color_-blanco","11":"first","12":"instock","13":"shipping-taxable","14":"product-type-simple","15":"entry","16":"content-bg","17":"loop-entry"},"_links":{"self":[{"href":"https:\/\/www2.indexinternacional.com\/en\/wp-json\/wp\/v2\/product\/2064","targetHints":{"allow":["GET"]}}],"collection":[{"href":"https:\/\/www2.indexinternacional.com\/en\/wp-json\/wp\/v2\/product"}],"about":[{"href":"https:\/\/www2.indexinternacional.com\/en\/wp-json\/wp\/v2\/types\/product"}],"version-history":[{"count":2,"href":"https:\/\/www2.indexinternacional.com\/en\/wp-json\/wp\/v2\/product\/2064\/revisions"}],"predecessor-version":[{"id":2789,"href":"https:\/\/www2.indexinternacional.com\/en\/wp-json\/wp\/v2\/product\/2064\/revisions\/2789"}],"wp:featuredmedia":[{"embeddable":true,"href":"https:\/\/www2.indexinternacional.com\/en\/wp-json\/wp\/v2\/media\/1354"}],"wp:attachment":[{"href":"https:\/\/www2.indexinternacional.com\/en\/wp-json\/wp\/v2\/media?parent=2064"}],"wp:term":[{"taxonomy":"product_brand","embeddable":true,"href":"https:\/\/www2.indexinternacional.com\/en\/wp-json\/wp\/v2\/product_brand?post=2064"},{"taxonomy":"product_cat","embeddable":true,"href":"https:\/\/www2.indexinternacional.com\/en\/wp-json\/wp\/v2\/product_cat?post=2064"},{"taxonomy":"product_tag","embeddable":true,"href":"https:\/\/www2.indexinternacional.com\/en\/wp-json\/wp\/v2\/product_tag?post=2064"},{"taxonomy":"product_brands","embeddable":true,"href":"https:\/\/www2.indexinternacional.com\/en\/wp-json\/wp\/v2\/product_brands?post=2064"}],"curies":[{"name":"wp","href":"https:\/\/api.w.org\/{rel}","templated":true}]}}